{"id":22,"date":"2024-08-20T12:10:32","date_gmt":"2024-08-20T10:10:32","guid":{"rendered":"https:\/\/groupe-avenir-formations.fr\/?page_id=22"},"modified":"2024-08-20T13:32:40","modified_gmt":"2024-08-20T11:32:40","slug":"nos-formations","status":"publish","type":"page","link":"https:\/\/groupe-avenir-formations.fr\/index.php\/nos-formations\/","title":{"rendered":"Nos formations"},"content":{"rendered":"\n<p>Informatique :<br>1) Traitement de texte, Tableur, Base de donn\u00e9es<br>2) Combin\u00e9 traitement de texte, tableur et initiation Internet<br>3) Graphisme, Cr\u00e9ation Internet, R\u00e9seaux sociaux<\/p>\n\n\n\n<p>Comptabilit\u00e9, gestion et droit :<br>1) Comptabilit\u00e9, analyse de bilan, compte r\u00e9sultat<br>2) Comptabilit\u00e9 informatis\u00e9e<br>3) Gestion d\u2019entreprise, Gestion de stock<br>4) La vente, Management, tutorat, permis de former<br>5) Le droit : social, civil, entreprise (contrats\u00a0\u2026)<\/p>\n\n\n\n<p>Langues \u00e9trang\u00e8res :<br>1) Anglais (niveau 1, niveau 2, traduction de menu)<br>2) Espagnol (niveau 1, niveau 2)<br>3) Italien (niveau 1, niveau 2)<br>4) Fran\u00e7ais (Alphab\u00e9tisation) (niveau 1 et niveau 2)<\/p>\n\n\n\n<p>Techniques :<br>1) Cuisine : <br>-Les techniques culinaires<br>-La terre, la mer, les sauces<br>-Snacking, burgers, tartines<br>-Italie (Pizzas, P\u00e2tes maisons, gnocchis)<br>-Sushi, Maki, California, Sashimi, Poke Bowl<br>-Traiteur, cocktail<br>2) P\u00e2tisserie : Techniques, Verrines, Mousses, Macarons<br>3) Techniques de restauration (Accueil, Vente, Management)<br>4) \u0152nologie, Sommellerie, Bar cocktail<br>5) Hygi\u00e8ne et s\u00e9curit\u00e9 alimentaire (HACCP), risque pro, allerg\u00e8nes, fait maison, normes handicapes (PMR), Document Unique (DUE)<br>6) Cr\u00e9ation de vitrine, Etalagiste, Am\u00e9nagement espace de vente, paquets cadeaux originaux<br>7) Autre modules sur demande\u2026<\/p>\n","protected":false},"excerpt":{"rendered":"<p>Informatique :1) Traitement de texte, Tableur, Base de donn\u00e9es2) Combin\u00e9 traitement de texte, tableur et initiation Internet3) Graphisme, Cr\u00e9ation Internet, R\u00e9seaux sociaux Comptabilit\u00e9, gestion et droit :1) Comptabilit\u00e9, analyse de bilan, compte r\u00e9sultat2) Comptabilit\u00e9 informatis\u00e9e3) Gestion d\u2019entreprise, Gestion de stock4) La vente, Management, tutorat, permis de former5) Le droit : social, civil, entreprise (contrats\u00a0\u2026) Langues [&hellip;]<\/p>\n","protected":false},"author":1,"featured_media":0,"parent":0,"menu_order":0,"comment_status":"closed","ping_status":"closed","template":"","meta":{"footnotes":""},"class_list":["post-22","page","type-page","status-publish","hentry"],"_links":{"self":[{"href":"https:\/\/groupe-avenir-formations.fr\/index.php\/wp-json\/wp\/v2\/pages\/22","targetHints":{"allow":["GET"]}}],"collection":[{"href":"https:\/\/groupe-avenir-formations.fr\/index.php\/wp-json\/wp\/v2\/pages"}],"about":[{"href":"https:\/\/groupe-avenir-formations.fr\/index.php\/wp-json\/wp\/v2\/types\/page"}],"author":[{"embeddable":true,"href":"https:\/\/groupe-avenir-formations.fr\/index.php\/wp-json\/wp\/v2\/users\/1"}],"replies":[{"embeddable":true,"href":"https:\/\/groupe-avenir-formations.fr\/index.php\/wp-json\/wp\/v2\/comments?post=22"}],"version-history":[{"count":3,"href":"https:\/\/groupe-avenir-formations.fr\/index.php\/wp-json\/wp\/v2\/pages\/22\/revisions"}],"predecessor-version":[{"id":61,"href":"https:\/\/groupe-avenir-formations.fr\/index.php\/wp-json\/wp\/v2\/pages\/22\/revisions\/61"}],"wp:attachment":[{"href":"https:\/\/groupe-avenir-formations.fr\/index.php\/wp-json\/wp\/v2\/media?parent=22"}],"curies":[{"name":"wp","href":"https:\/\/api.w.org\/{rel}","templated":true}]}}